{"id":71,"date":"2025-06-26T21:18:35","date_gmt":"2025-06-26T19:18:35","guid":{"rendered":"https:\/\/www.fv-fussballjugend-wl.de\/?page_id=71"},"modified":"2025-08-27T18:51:07","modified_gmt":"2025-08-27T16:51:07","slug":"herzlich-willkommen","status":"publish","type":"page","link":"https:\/\/www.fv-fussballjugend-wl.de\/","title":{"rendered":"Herzlich Willkommen"},"content":{"rendered":"\n<p>beim F\u00f6rderverein der Winsener Fu\u00dfballjugend!<\/p>\n\n\n\n<p>Gemeinsam f\u00fcr die Zukunft unseres Jugendfu\u00dfballs.<\/p>\n\n\n\n<p>Der F\u00f6rderverein der Winsener Fu\u00dfballjugend hat es sich zur Aufgabe gemacht, die Nachwuchsarbeit aktiv zu unterst\u00fctzen und zu f\u00f6rdern. Denn Kinder und Jugendliche sind nicht nur die Zukunft unseres Sports \u2013 sie sind das Herzst\u00fcck unseres Vereinslebens.<\/p>\n\n\n\n<p>Wir f\u00f6rdern gezielt:<\/p>\n\n\n\n<ul class=\"wp-block-list\">\n<li>Trainings- und Spielbetrieb<\/li>\n\n\n\n<li>Ausstattung mit B\u00e4llen, Trikots, Trainingsmaterialien und mehr<\/li>\n\n\n\n<li>Turniere und Veranstaltungen<\/li>\n\n\n\n<li>Organisation und Finanzierung von Jugendturnieren, Feriencamps und Vereinsfesten<\/li>\n\n\n\n<li>Soziale Teilhabe<\/li>\n<\/ul>\n\n\n\n<p>Jede Unterst\u00fctzung z\u00e4hlt!<\/p>\n\n\n\n<p>Ob durch eine Mitgliedschaft, Spende oder ehrenamtliches Engagement \u2013 jede Hilfe ist willkommen und tr\u00e4gt direkt zur Weiterentwicklung unserer Fu\u00dfballjugend bei. Gemeinsam schaffen wir ein Umfeld, in dem junge Talente sportlich wachsen und pers\u00f6nliche Werte wie Fairness, Teamgeist und Respekt erleben k\u00f6nnen.<\/p>\n\n\n\n<p><a href=\"https:\/\/www.fv-fussballjugend-wl.de\/wp-content\/uploads\/2025\/08\/Aufnahmeantrag_Formular.pdf\" data-type=\"attachment\" data-id=\"236\">Jetzt Mitglied werden!<\/a><br><a href=\"https:\/\/www.fv-fussballjugend-wl.de\/?page_id=33\" data-type=\"page\" data-id=\"33\">Spendenm\u00f6glichkeiten<\/a><\/p>\n\n\n\n<p><a href=\"https:\/\/www.fv-fussballjugend-wl.de\/?page_id=94\" data-type=\"page\" data-id=\"94\">F\u00fcr Fragen, Anregungen oder Ideen stehen wir jederzeit gerne zur Verf\u00fcgung.<\/a><\/p>\n","protected":false},"excerpt":{"rendered":"<p>beim F\u00f6rderverein der Winsener Fu\u00dfballjugend! Gemeinsam f\u00fcr die Zukunft unseres Jugendfu\u00dfballs. Der F\u00f6rderverein der Winsener Fu\u00dfballjugend hat es sich zur Aufgabe gemacht, die Nachwuchsarbeit aktiv zu unterst\u00fctzen und zu f\u00f6rdern. Denn Kinder und Jugendliche sind nicht nur die Zukunft unseres Sports \u2013 sie sind das Herzst\u00fcck unseres Vereinslebens. Wir f\u00f6rdern gezielt: Jede Unterst\u00fctzung z\u00e4hlt! Ob [&hellip;]<\/p>\n","protected":false},"author":1,"featured_media":0,"parent":0,"menu_order":0,"comment_status":"closed","ping_status":"closed","template":"","meta":{"footnotes":""},"class_list":["post-71","page","type-page","status-publish","hentry"],"_links":{"self":[{"href":"https:\/\/www.fv-fussballjugend-wl.de\/index.php?rest_route=\/wp\/v2\/pages\/71","targetHints":{"allow":["GET"]}}],"collection":[{"href":"https:\/\/www.fv-fussballjugend-wl.de\/index.php?rest_route=\/wp\/v2\/pages"}],"about":[{"href":"https:\/\/www.fv-fussballjugend-wl.de\/index.php?rest_route=\/wp\/v2\/types\/page"}],"author":[{"embeddable":true,"href":"https:\/\/www.fv-fussballjugend-wl.de\/index.php?rest_route=\/wp\/v2\/users\/1"}],"replies":[{"embeddable":true,"href":"https:\/\/www.fv-fussballjugend-wl.de\/index.php?rest_route=%2Fwp%2Fv2%2Fcomments&post=71"}],"version-history":[{"count":10,"href":"https:\/\/www.fv-fussballjugend-wl.de\/index.php?rest_route=\/wp\/v2\/pages\/71\/revisions"}],"predecessor-version":[{"id":238,"href":"https:\/\/www.fv-fussballjugend-wl.de\/index.php?rest_route=\/wp\/v2\/pages\/71\/revisions\/238"}],"wp:attachment":[{"href":"https:\/\/www.fv-fussballjugend-wl.de\/index.php?rest_route=%2Fwp%2Fv2%2Fmedia&parent=71"}],"curies":[{"name":"wp","href":"https:\/\/api.w.org\/{rel}","templated":true}]}}