{"id":33,"date":"2025-04-25T21:56:21","date_gmt":"2025-04-25T19:56:21","guid":{"rendered":"https:\/\/www.fv-fussballjugend-wl.de\/?page_id=33"},"modified":"2025-08-26T20:48:57","modified_gmt":"2025-08-26T18:48:57","slug":"spenden","status":"publish","type":"page","link":"https:\/\/www.fv-fussballjugend-wl.de\/?page_id=33","title":{"rendered":"Spenden"},"content":{"rendered":"\n<p>Spenden \u2013 Gemeinsam Talente f\u00f6rdern<\/p>\n\n\n\n<p>Du m\u00f6chtest unsere Fu\u00dfballjugend aktiv unterst\u00fctzen, ohne gleich Mitglied zu werden? Mit einer Spende leistest du einen wertvollen Beitrag zur F\u00f6rderung junger Talente und zur Entwicklung unseres Vereins.<\/p>\n\n\n\n<p>Wof\u00fcr verwenden wir deine Spende?<\/p>\n\n\n\n<ul class=\"wp-block-list\">\n<li>Anschaffung von Trainingsmaterialien und Sportausr\u00fcstung<\/li>\n\n\n\n<li>F\u00f6rderung von Trainingscamps, Jugendturnieren und besonderen Events<\/li>\n\n\n\n<li>Unterst\u00fctzung von Kindern und Jugendlichen aus Familien mit geringem Einkommen<\/li>\n<\/ul>\n\n\n\n<p>So kannst du spenden:<br>\u00dcberweise deine Spende auf folgendes Konto:<\/p>\n\n\n\n<p>F\u00f6rderverein der Winsener Fu\u00dfballjugend<br>IBAN: DE15 2406 0300 0037 2730 00<br>BIC: GENODEF1NBU<br>Bank: Volksbank L\u00fcneburger Heide eG<\/p>\n\n\n\n<p>Spendenbescheinigung<br>Auf Wunsch stellen wir dir gern eine Spendenquittung f\u00fcr das Finanzamt aus.<\/p>\n\n\n\n<p>Jede Spende z\u00e4hlt \u2013 gemeinsam schaffen wir Perspektiven f\u00fcr unsere Nachwuchskicker!<\/p>\n\n\n\n<p>Hast du Fragen oder m\u00f6chtest du uns auf andere Weise unterst\u00fctzen?<br>Dann melde dich gerne bei uns: <a href=\"https:\/\/www.fv-fussballjugend-wl.de\/?page_id=94\" data-type=\"page\" data-id=\"94\">Kontakt<\/a><\/p>\n","protected":false},"excerpt":{"rendered":"<p>Spenden \u2013 Gemeinsam Talente f\u00f6rdern Du m\u00f6chtest unsere Fu\u00dfballjugend aktiv unterst\u00fctzen, ohne gleich Mitglied zu werden? Mit einer Spende leistest du einen wertvollen Beitrag zur F\u00f6rderung junger Talente und zur Entwicklung unseres Vereins. Wof\u00fcr verwenden wir deine Spende? So kannst du spenden:\u00dcberweise deine Spende auf folgendes Konto: F\u00f6rderverein der Winsener Fu\u00dfballjugendIBAN: DE15 2406 0300 0037 [&hellip;]<\/p>\n","protected":false},"author":1,"featured_media":0,"parent":25,"menu_order":0,"comment_status":"closed","ping_status":"closed","template":"","meta":{"footnotes":""},"class_list":["post-33","page","type-page","status-publish","hentry"],"_links":{"self":[{"href":"https:\/\/www.fv-fussballjugend-wl.de\/index.php?rest_route=\/wp\/v2\/pages\/33","targetHints":{"allow":["GET"]}}],"collection":[{"href":"https:\/\/www.fv-fussballjugend-wl.de\/index.php?rest_route=\/wp\/v2\/pages"}],"about":[{"href":"https:\/\/www.fv-fussballjugend-wl.de\/index.php?rest_route=\/wp\/v2\/types\/page"}],"author":[{"embeddable":true,"href":"https:\/\/www.fv-fussballjugend-wl.de\/index.php?rest_route=\/wp\/v2\/users\/1"}],"replies":[{"embeddable":true,"href":"https:\/\/www.fv-fussballjugend-wl.de\/index.php?rest_route=%2Fwp%2Fv2%2Fcomments&post=33"}],"version-history":[{"count":6,"href":"https:\/\/www.fv-fussballjugend-wl.de\/index.php?rest_route=\/wp\/v2\/pages\/33\/revisions"}],"predecessor-version":[{"id":228,"href":"https:\/\/www.fv-fussballjugend-wl.de\/index.php?rest_route=\/wp\/v2\/pages\/33\/revisions\/228"}],"up":[{"embeddable":true,"href":"https:\/\/www.fv-fussballjugend-wl.de\/index.php?rest_route=\/wp\/v2\/pages\/25"}],"wp:attachment":[{"href":"https:\/\/www.fv-fussballjugend-wl.de\/index.php?rest_route=%2Fwp%2Fv2%2Fmedia&parent=33"}],"curies":[{"name":"wp","href":"https:\/\/api.w.org\/{rel}","templated":true}]}}