{"id":31,"date":"2025-04-25T21:56:03","date_gmt":"2025-04-25T19:56:03","guid":{"rendered":"https:\/\/www.fv-fussballjugend-wl.de\/?page_id=31"},"modified":"2025-08-27T18:49:25","modified_gmt":"2025-08-27T16:49:25","slug":"mitmachen","status":"publish","type":"page","link":"https:\/\/www.fv-fussballjugend-wl.de\/?page_id=31","title":{"rendered":"Mitmachen"},"content":{"rendered":"\n<p>Mitglied werden \u2013 Gemeinsam f\u00fcr unsere Fu\u00dfballjugend<\/p>\n\n\n\n<p>Du m\u00f6chtest die Zukunft unseres Jugendfu\u00dfballs aktiv unterst\u00fctzen? Dann werde Mitglied im F\u00f6rderverein der Winsener Fu\u00dfballjugend!<\/p>\n\n\n\n<p>Mit deiner Mitgliedschaft unterst\u00fctzt du direkt:<\/p>\n\n\n\n<ul class=\"wp-block-list\">\n<li>Die Ausstattung unserer Jugendteams unter anderem mit Trikots und Trainingsmaterial<\/li>\n\n\n\n<li>Die F\u00f6rderung von Turnieren, Feriencamps und Vereinsveranstaltungen<\/li>\n\n\n\n<li>Die Unterst\u00fctzung von Kindern aus Familien mit geringem Einkommen<\/li>\n<\/ul>\n\n\n\n<p>Du bist Teil einer engagierten Gemeinschaft, die den Jugendfu\u00dfball voranbringt.<\/p>\n\n\n\n<p>So einfach wirst du Mitglied:<\/p>\n\n\n\n<ol class=\"wp-block-list\">\n<li>Lade dir unser Mitgliedsformular <a href=\"https:\/\/www.fv-fussballjugend-wl.de\/wp-content\/uploads\/2025\/08\/Aufnahmeantrag_Formular.pdf\" data-type=\"attachment\" data-id=\"236\">hier <\/a>herunter oder hol dir das Formular direkt bei uns im Verein.<\/li>\n\n\n\n<li>F\u00fclle das Formular aus und sende es per <a href=\"mailto:info@fv-fussballjugend-wl.de\">Mail <\/a>an uns oder gib es pers\u00f6nlich bei uns ab.<\/li>\n\n\n\n<li>Schon bist du Teil unseres Teams und unterst\u00fctzt die Jugendfu\u00dfballf\u00f6rderung!<\/li>\n<\/ol>\n\n\n\n<p>Mitgliedsbeitrag:<br>Der j\u00e4hrliche Mindestbeitrag betr\u00e4gt nur 50 Euro \u2013 eine Investition, die sich f\u00fcr unsere Nachwuchskicker auszahlt!<\/p>\n\n\n\n<p>Hast du Fragen? Wir helfen gerne weiter: <a href=\"https:\/\/www.fv-fussballjugend-wl.de\/?page_id=94\" data-type=\"page\" data-id=\"94\">Kontakt<\/a><\/p>\n\n\n\n<p><\/p>\n","protected":false},"excerpt":{"rendered":"<p>Mitglied werden \u2013 Gemeinsam f\u00fcr unsere Fu\u00dfballjugend Du m\u00f6chtest die Zukunft unseres Jugendfu\u00dfballs aktiv unterst\u00fctzen? Dann werde Mitglied im F\u00f6rderverein der Winsener Fu\u00dfballjugend! Mit deiner Mitgliedschaft unterst\u00fctzt du direkt: Du bist Teil einer engagierten Gemeinschaft, die den Jugendfu\u00dfball voranbringt. So einfach wirst du Mitglied: Mitgliedsbeitrag:Der j\u00e4hrliche Mindestbeitrag betr\u00e4gt nur 50 Euro \u2013 eine Investition, die [&hellip;]<\/p>\n","protected":false},"author":1,"featured_media":0,"parent":25,"menu_order":0,"comment_status":"closed","ping_status":"closed","template":"","meta":{"footnotes":""},"class_list":["post-31","page","type-page","status-publish","hentry"],"_links":{"self":[{"href":"https:\/\/www.fv-fussballjugend-wl.de\/index.php?rest_route=\/wp\/v2\/pages\/31","targetHints":{"allow":["GET"]}}],"collection":[{"href":"https:\/\/www.fv-fussballjugend-wl.de\/index.php?rest_route=\/wp\/v2\/pages"}],"about":[{"href":"https:\/\/www.fv-fussballjugend-wl.de\/index.php?rest_route=\/wp\/v2\/types\/page"}],"author":[{"embeddable":true,"href":"https:\/\/www.fv-fussballjugend-wl.de\/index.php?rest_route=\/wp\/v2\/users\/1"}],"replies":[{"embeddable":true,"href":"https:\/\/www.fv-fussballjugend-wl.de\/index.php?rest_route=%2Fwp%2Fv2%2Fcomments&post=31"}],"version-history":[{"count":5,"href":"https:\/\/www.fv-fussballjugend-wl.de\/index.php?rest_route=\/wp\/v2\/pages\/31\/revisions"}],"predecessor-version":[{"id":237,"href":"https:\/\/www.fv-fussballjugend-wl.de\/index.php?rest_route=\/wp\/v2\/pages\/31\/revisions\/237"}],"up":[{"embeddable":true,"href":"https:\/\/www.fv-fussballjugend-wl.de\/index.php?rest_route=\/wp\/v2\/pages\/25"}],"wp:attachment":[{"href":"https:\/\/www.fv-fussballjugend-wl.de\/index.php?rest_route=%2Fwp%2Fv2%2Fmedia&parent=31"}],"curies":[{"name":"wp","href":"https:\/\/api.w.org\/{rel}","templated":true}]}}