{"id":27,"date":"2025-04-25T21:54:42","date_gmt":"2025-04-25T19:54:42","guid":{"rendered":"https:\/\/www.fv-fussballjugend-wl.de\/?page_id=27"},"modified":"2025-08-26T20:33:50","modified_gmt":"2025-08-26T18:33:50","slug":"der-vorstand","status":"publish","type":"page","link":"https:\/\/www.fv-fussballjugend-wl.de\/?page_id=27","title":{"rendered":"Der Vorstand"},"content":{"rendered":"\n<p>Der Vorstand des F\u00f6rdervereins der Winsener Fu\u00dfballjugend sorgt mit Engagement und Herzblut daf\u00fcr, dass unsere Ziele umgesetzt werden und die Jugendf\u00f6rderung stetig w\u00e4chst. Er besteht aus Eltern, die sich ehrenamtlich f\u00fcr den Verein einsetzen.<\/p>\n\n\n\n<p>Vorstandsteam:<\/p>\n\n\n\n<ul class=\"wp-block-list\">\n<li>Janine Herzberger \u2013 Vorsitzende<br>Verantwortlich f\u00fcr die Gesamtkoordination und Repr\u00e4sentation des F\u00f6rdervereins<\/li>\n\n\n\n<li>Andreas Braunm\u00fcller \u2013 Stellvertretender Vorsitzender<br>Unterst\u00fctzung der Vorsitzenden und Vertretung bei Abwesenheit<\/li>\n\n\n\n<li>Dorothea von Reden \u2013 Kassenwartin<br>Zust\u00e4ndig f\u00fcr die Finanzen, Buchhaltung und Budgetplanung sowie Mitgliederverwaltung<\/li>\n\n\n\n<li>Isabel Geuthner \u2013 Schriftf\u00fchrerin<br>Verantwortlich f\u00fcr die Protokollf\u00fchrung<\/li>\n\n\n\n<li>Marlena K\u00fchne, Kristine Pape &#8211; Beisitzerinnen<br>Unterst\u00fctzen den Vorstand in verschiedenen Bereichen und Projekten.<\/li>\n<\/ul>\n\n\n\n<p>Gemeinsam engagieren wir uns daf\u00fcr, die Fu\u00dfballjugend bestm\u00f6glich zu f\u00f6rdern \u2013 f\u00fcr starke Teams, faire Spiele und eine sportliche Zukunft!<\/p>\n","protected":false},"excerpt":{"rendered":"<p>Der Vorstand des F\u00f6rdervereins der Winsener Fu\u00dfballjugend sorgt mit Engagement und Herzblut daf\u00fcr, dass unsere Ziele umgesetzt werden und die Jugendf\u00f6rderung stetig w\u00e4chst. Er besteht aus Eltern, die sich ehrenamtlich f\u00fcr den Verein einsetzen. Vorstandsteam: Gemeinsam engagieren wir uns daf\u00fcr, die Fu\u00dfballjugend bestm\u00f6glich zu f\u00f6rdern \u2013 f\u00fcr starke Teams, faire Spiele und eine sportliche Zukunft!<\/p>\n","protected":false},"author":1,"featured_media":0,"parent":25,"menu_order":0,"comment_status":"closed","ping_status":"closed","template":"","meta":{"footnotes":""},"class_list":["post-27","page","type-page","status-publish","hentry"],"_links":{"self":[{"href":"https:\/\/www.fv-fussballjugend-wl.de\/index.php?rest_route=\/wp\/v2\/pages\/27","targetHints":{"allow":["GET"]}}],"collection":[{"href":"https:\/\/www.fv-fussballjugend-wl.de\/index.php?rest_route=\/wp\/v2\/pages"}],"about":[{"href":"https:\/\/www.fv-fussballjugend-wl.de\/index.php?rest_route=\/wp\/v2\/types\/page"}],"author":[{"embeddable":true,"href":"https:\/\/www.fv-fussballjugend-wl.de\/index.php?rest_route=\/wp\/v2\/users\/1"}],"replies":[{"embeddable":true,"href":"https:\/\/www.fv-fussballjugend-wl.de\/index.php?rest_route=%2Fwp%2Fv2%2Fcomments&post=27"}],"version-history":[{"count":5,"href":"https:\/\/www.fv-fussballjugend-wl.de\/index.php?rest_route=\/wp\/v2\/pages\/27\/revisions"}],"predecessor-version":[{"id":224,"href":"https:\/\/www.fv-fussballjugend-wl.de\/index.php?rest_route=\/wp\/v2\/pages\/27\/revisions\/224"}],"up":[{"embeddable":true,"href":"https:\/\/www.fv-fussballjugend-wl.de\/index.php?rest_route=\/wp\/v2\/pages\/25"}],"wp:attachment":[{"href":"https:\/\/www.fv-fussballjugend-wl.de\/index.php?rest_route=%2Fwp%2Fv2%2Fmedia&parent=27"}],"curies":[{"name":"wp","href":"https:\/\/api.w.org\/{rel}","templated":true}]}}